{"id":1472,"date":"2024-02-24T20:32:10","date_gmt":"2024-02-24T20:32:10","guid":{"rendered":"https:\/\/www.raeblus.ch\/english-imprint"},"modified":"2024-04-29T11:11:06","modified_gmt":"2024-04-29T11:11:06","slug":"mentions-legales","status":"publish","type":"page","link":"https:\/\/www.raeblus.ch\/en\/mentions-legales","title":{"rendered":"Imprint"},"content":{"rendered":"<p><strong>PUBLISHER<\/strong><\/p>\n<p>This website www.raeblus.ch is published and operated by the sole proprietorship Restaurant R\u00e4blus Wysseier, whose details are as follows:<br \/>\nCompany name: Restaurant R\u00e4blus Wysseier<br \/>\nHead office address: Route de Neuch\u00e2tel 90\/Neuenburgstrasse 90 2505 Biel\/Bienne, SWITZERLAND<br \/>\nTrade register no.: CH-036.1.065.985-3<br \/>\nLegal form: Sole proprietorship<br \/>\nSector: restaurants and mobile food services<br \/>\nIDE\/TVA : CHE-145.847.387<br \/>\nTelephone: +41 32 322 40 51<br \/>\nEmail : rest.raeblus@swissonline.ch<\/p>\n<p>&nbsp;<\/p>\n<p><strong>PUBLICATION MANAGER<\/strong><\/p>\n<p>The publication director of this site is Mrs. Carly Wysseier<\/p>\n<p>&nbsp;<\/p>\n<p><strong>EMBEDDERS<\/strong><\/p>\n<p>This website is hosted by Infomaniak, whose details are as follows:<br \/>\nCompany name: Infomaniak Network SA<br \/>\nRegistered office address: Rue Eug\u00e8ne Marziano 25, 1227 Les Acacias, SWITZERLAND<br \/>\nTelephone: +41 22 820 35 55<\/p>\n","protected":false},"excerpt":{"rendered":"<p>PUBLISHER This website www.raeblus.ch is published and operated by the sole proprietorship Restaurant R\u00e4blus Wysseier, whose details are as follows: Company name: Restaurant R\u00e4blus Wysseier Head office address: Route de Neuch\u00e2tel 90\/Neuenburgstrasse 90 2505 Biel\/Bienne, SWITZERLAND Trade register no.: CH-036.1.065.985-3 Legal form: Sole proprietorship Sector: restaurants and mobile food services IDE\/TVA : CHE-145.847.387 Telephone: +41 &hellip; <a href=\"https:\/\/www.raeblus.ch\/en\/mentions-legales\" class=\"more-link\">Continue reading<span class=\"screen-reader-text\"> &#8220;Imprint&#8221;<\/span><\/a><\/p>\n","protected":false},"author":1,"featured_media":0,"parent":0,"menu_order":0,"comment_status":"closed","ping_status":"closed","template":"","meta":{"_exactmetrics_skip_tracking":false,"_exactmetrics_sitenote_active":false,"_exactmetrics_sitenote_note":"","_exactmetrics_sitenote_category":0},"_links":{"self":[{"href":"https:\/\/www.raeblus.ch\/en\/wp-json\/wp\/v2\/pages\/1472"}],"collection":[{"href":"https:\/\/www.raeblus.ch\/en\/wp-json\/wp\/v2\/pages"}],"about":[{"href":"https:\/\/www.raeblus.ch\/en\/wp-json\/wp\/v2\/types\/page"}],"author":[{"embeddable":true,"href":"https:\/\/www.raeblus.ch\/en\/wp-json\/wp\/v2\/users\/1"}],"replies":[{"embeddable":true,"href":"https:\/\/www.raeblus.ch\/en\/wp-json\/wp\/v2\/comments?post=1472"}],"version-history":[{"count":2,"href":"https:\/\/www.raeblus.ch\/en\/wp-json\/wp\/v2\/pages\/1472\/revisions"}],"predecessor-version":[{"id":1583,"href":"https:\/\/www.raeblus.ch\/en\/wp-json\/wp\/v2\/pages\/1472\/revisions\/1583"}],"wp:attachment":[{"href":"https:\/\/www.raeblus.ch\/en\/wp-json\/wp\/v2\/media?parent=1472"}],"curies":[{"name":"wp","href":"https:\/\/api.w.org\/{rel}","templated":true}]}}