{"id":1489,"date":"2018-03-19T07:04:55","date_gmt":"2018-03-19T07:04:55","guid":{"rendered":"https:\/\/www.raeblus.ch\/the-rablus\/mitarbeiter-die-mitarbeiter"},"modified":"2025-03-17T12:59:11","modified_gmt":"2025-03-17T12:59:11","slug":"staff","status":"publish","type":"page","link":"https:\/\/www.raeblus.ch\/de\/the-rablus\/staff","title":{"rendered":"Mitarbeiter"},"content":{"rendered":"<div class=\"centered\">\n<h2>Service<\/h2>\n<h3>Eveline W\u00fcrth<\/h3>\n<h3>Kevin Rufete<\/h3>\n<h3>Lucia Manresa<\/h3>\n<h2>K\u00fcche<\/h2>\n<h3>David Pr\u00e9t\u00f4t<\/h3>\n<h3>Micha Jenni<\/h3>\n<h3>Peter Wysshaar<\/h3>\n<h2>Wartung<\/h2>\n<h3>Nadine Weber<\/h3>\n<h3>Marie-Louise Mamona<\/h3>\n<h2>Management<\/h2>\n<h3>Sandrine Vernex<\/h3>\n<h2>Familie Wysseier<\/h2>\n<h3>Jakob Wysseier<\/h3>\n<h3>Lynda Wysseier<\/h3>\n<h3>Kelly Wysseier<\/h3>\n<h3>Kimberley Wysseier<\/h3>\n<h3>Carly Wysseier<\/h3>\n<\/div>\n","protected":false},"excerpt":{"rendered":"<p>Service Eveline W\u00fcrth Kevin Rufete Lucia Manresa K\u00fcche David Pr\u00e9t\u00f4t Micha Jenni Peter Wysshaar Wartung Nadine Weber Marie-Louise Mamona Management Sandrine Vernex Familie Wysseier Jakob Wysseier Lynda Wysseier Kelly Wysseier Kimberley Wysseier Carly Wysseier<\/p>\n","protected":false},"author":1,"featured_media":1425,"parent":1481,"menu_order":4,"comment_status":"closed","ping_status":"closed","template":"","meta":{"_exactmetrics_skip_tracking":false,"_exactmetrics_sitenote_active":false,"_exactmetrics_sitenote_note":"","_exactmetrics_sitenote_category":0},"_links":{"self":[{"href":"https:\/\/www.raeblus.ch\/de\/wp-json\/wp\/v2\/pages\/1489"}],"collection":[{"href":"https:\/\/www.raeblus.ch\/de\/wp-json\/wp\/v2\/pages"}],"about":[{"href":"https:\/\/www.raeblus.ch\/de\/wp-json\/wp\/v2\/types\/page"}],"author":[{"embeddable":true,"href":"https:\/\/www.raeblus.ch\/de\/wp-json\/wp\/v2\/users\/1"}],"replies":[{"embeddable":true,"href":"https:\/\/www.raeblus.ch\/de\/wp-json\/wp\/v2\/comments?post=1489"}],"version-history":[{"count":4,"href":"https:\/\/www.raeblus.ch\/de\/wp-json\/wp\/v2\/pages\/1489\/revisions"}],"predecessor-version":[{"id":1914,"href":"https:\/\/www.raeblus.ch\/de\/wp-json\/wp\/v2\/pages\/1489\/revisions\/1914"}],"up":[{"embeddable":true,"href":"https:\/\/www.raeblus.ch\/de\/wp-json\/wp\/v2\/pages\/1481"}],"wp:featuredmedia":[{"embeddable":true,"href":"https:\/\/www.raeblus.ch\/de\/wp-json\/wp\/v2\/media\/1425"}],"wp:attachment":[{"href":"https:\/\/www.raeblus.ch\/de\/wp-json\/wp\/v2\/media?parent=1489"}],"curies":[{"name":"wp","href":"https:\/\/api.w.org\/{rel}","templated":true}]}}