{"id":1487,"date":"2018-03-19T07:04:18","date_gmt":"2018-03-19T07:04:18","guid":{"rendered":"https:\/\/www.raeblus.ch\/the-rablus\/unsere-geschichte"},"modified":"2024-04-29T10:57:29","modified_gmt":"2024-04-29T10:57:29","slug":"history","status":"publish","type":"page","link":"https:\/\/www.raeblus.ch\/de\/the-rablus\/history","title":{"rendered":"Geschichte"},"content":{"rendered":"<p>Gornemuse, Vogelsang, Walteren, Gottstatt und Tschattner hiessen die Vingelzer Reben, die seit 1420 im Besitze des Klosters St.Urban waren. Die Rebleute, Vorfahren der Familie Wysseier, versorgten die Klosterbr\u00fcder mit Vingelzer, welche im Gegenzug f\u00fcr sie \u2013 und f\u00fcr eine gute Ernte \u2013 das eine oder andere Gebet sprachen.<\/p>\n<p>Das kl\u00f6sterliche Rebgut von St. Urban umfasste im 19. Jahrhundert ein Drittel aller im Gemeindebezirk Vingelz gelegenen G\u00fcter. 1837 prozessierte die kleine Gemeinde wegen Waldnutzungsrechten gegen das m\u00e4chtige Kloster. Der Prozess k\u00fcndigte die grossen politischen Umw\u00e4lzungen jener Zeit an, die unter anderem die Liquidation aller hergebrachten feudalen Einrichtungen zur Folge hatte.<\/p>\n<p>Friedrich\u2013Johannes Wysseier, geboren 1852, war der erste Wirt der R\u00e4blus, die damals noch Caf\u00e9 Wysseier hiess. Heute f\u00fchrt die Familie Wysseier die R\u00e4blus in der f\u00fcnften Generation. Ruth Wysseier und ihr Partner Werner Schweizer pflegen die Rebberge und keltern den Wein im R\u00e4bluskeller.<\/p>\n","protected":false},"excerpt":{"rendered":"<p>Gornemuse, Vogelsang, Walteren, Gottstatt und Tschattner hiessen die Vingelzer Reben, die seit 1420 im Besitze des Klosters St.Urban waren. Die Rebleute, Vorfahren der Familie Wysseier, versorgten die Klosterbr\u00fcder mit Vingelzer, welche im Gegenzug f\u00fcr sie \u2013 und f\u00fcr eine gute Ernte \u2013 das eine oder andere Gebet sprachen. Das kl\u00f6sterliche Rebgut von St. Urban umfasste &hellip; <a href=\"https:\/\/www.raeblus.ch\/de\/the-rablus\/history\" class=\"more-link\"><span class=\"screen-reader-text\">&#8222;Geschichte&#8220; <\/span>weiterlesen<\/a><\/p>\n","protected":false},"author":1,"featured_media":1367,"parent":1481,"menu_order":3,"comment_status":"closed","ping_status":"closed","template":"","meta":{"_exactmetrics_skip_tracking":false,"_exactmetrics_sitenote_active":false,"_exactmetrics_sitenote_note":"","_exactmetrics_sitenote_category":0},"_links":{"self":[{"href":"https:\/\/www.raeblus.ch\/de\/wp-json\/wp\/v2\/pages\/1487"}],"collection":[{"href":"https:\/\/www.raeblus.ch\/de\/wp-json\/wp\/v2\/pages"}],"about":[{"href":"https:\/\/www.raeblus.ch\/de\/wp-json\/wp\/v2\/types\/page"}],"author":[{"embeddable":true,"href":"https:\/\/www.raeblus.ch\/de\/wp-json\/wp\/v2\/users\/1"}],"replies":[{"embeddable":true,"href":"https:\/\/www.raeblus.ch\/de\/wp-json\/wp\/v2\/comments?post=1487"}],"version-history":[{"count":3,"href":"https:\/\/www.raeblus.ch\/de\/wp-json\/wp\/v2\/pages\/1487\/revisions"}],"predecessor-version":[{"id":1659,"href":"https:\/\/www.raeblus.ch\/de\/wp-json\/wp\/v2\/pages\/1487\/revisions\/1659"}],"up":[{"embeddable":true,"href":"https:\/\/www.raeblus.ch\/de\/wp-json\/wp\/v2\/pages\/1481"}],"wp:featuredmedia":[{"embeddable":true,"href":"https:\/\/www.raeblus.ch\/de\/wp-json\/wp\/v2\/media\/1367"}],"wp:attachment":[{"href":"https:\/\/www.raeblus.ch\/de\/wp-json\/wp\/v2\/media?parent=1487"}],"curies":[{"name":"wp","href":"https:\/\/api.w.org\/{rel}","templated":true}]}}