{"id":1483,"date":"2018-03-19T07:03:02","date_gmt":"2018-03-19T07:03:02","guid":{"rendered":"https:\/\/www.raeblus.ch\/the-rablus\/der-standort"},"modified":"2024-04-18T15:56:47","modified_gmt":"2024-04-18T15:56:47","slug":"der-standort","status":"publish","type":"page","link":"https:\/\/www.raeblus.ch\/de\/the-rablus\/der-standort","title":{"rendered":"Lage"},"content":{"rendered":"<p>Das Restaurant R\u00e4blus in Biel liegt am See, im alten Dorf Vigneules, 15 Minuten zu Fu\u00df vom Bahnhof Biel entfernt. Ein gro\u00dfer Gem\u00fcsegarten trennt uns vom See. Unsere eigenen Weinberge umgeben uns an der Nord- und Ostseite.<\/p>\n<p>Am beliebtesten bei unseren G\u00e4sten sind Barsche nach M\u00fcllerinnenart oder gebraten, sowie Hechte und Felchen aus dem Bielersee. Wir bieten auch eine gro\u00dfe Auswahl an Fleischgerichten, Salaten, vegetarischen Gerichten und k\u00f6stlichen saisonalen Gerichten mit Produkten aus unserem Garten.<\/p>\n","protected":false},"excerpt":{"rendered":"<p>Das Restaurant R\u00e4blus in Biel liegt am See, im alten Dorf Vigneules, 15 Minuten zu Fu\u00df vom Bahnhof Biel entfernt. Ein gro\u00dfer Gem\u00fcsegarten trennt uns vom See. Unsere eigenen Weinberge umgeben uns an der Nord- und Ostseite. Am beliebtesten bei unseren G\u00e4sten sind Barsche nach M\u00fcllerinnenart oder gebraten, sowie Hechte und Felchen aus dem Bielersee. &hellip; <a href=\"https:\/\/www.raeblus.ch\/de\/the-rablus\/der-standort\" class=\"more-link\"><span class=\"screen-reader-text\">&#8222;Lage&#8220; <\/span>weiterlesen<\/a><\/p>\n","protected":false},"author":1,"featured_media":1399,"parent":1481,"menu_order":1,"comment_status":"closed","ping_status":"closed","template":"","meta":{"_exactmetrics_skip_tracking":false,"_exactmetrics_sitenote_active":false,"_exactmetrics_sitenote_note":"","_exactmetrics_sitenote_category":0},"_links":{"self":[{"href":"https:\/\/www.raeblus.ch\/de\/wp-json\/wp\/v2\/pages\/1483"}],"collection":[{"href":"https:\/\/www.raeblus.ch\/de\/wp-json\/wp\/v2\/pages"}],"about":[{"href":"https:\/\/www.raeblus.ch\/de\/wp-json\/wp\/v2\/types\/page"}],"author":[{"embeddable":true,"href":"https:\/\/www.raeblus.ch\/de\/wp-json\/wp\/v2\/users\/1"}],"replies":[{"embeddable":true,"href":"https:\/\/www.raeblus.ch\/de\/wp-json\/wp\/v2\/comments?post=1483"}],"version-history":[{"count":2,"href":"https:\/\/www.raeblus.ch\/de\/wp-json\/wp\/v2\/pages\/1483\/revisions"}],"predecessor-version":[{"id":1606,"href":"https:\/\/www.raeblus.ch\/de\/wp-json\/wp\/v2\/pages\/1483\/revisions\/1606"}],"up":[{"embeddable":true,"href":"https:\/\/www.raeblus.ch\/de\/wp-json\/wp\/v2\/pages\/1481"}],"wp:featuredmedia":[{"embeddable":true,"href":"https:\/\/www.raeblus.ch\/de\/wp-json\/wp\/v2\/media\/1399"}],"wp:attachment":[{"href":"https:\/\/www.raeblus.ch\/de\/wp-json\/wp\/v2\/media?parent=1483"}],"curies":[{"name":"wp","href":"https:\/\/api.w.org\/{rel}","templated":true}]}}