{"id":1475,"date":"2024-02-24T20:47:52","date_gmt":"2024-02-24T20:47:52","guid":{"rendered":"https:\/\/www.raeblus.ch\/deutsch-datenschutzrichtlinie"},"modified":"2024-04-29T11:09:15","modified_gmt":"2024-04-29T11:09:15","slug":"politique-de-confidentialite","status":"publish","type":"page","link":"https:\/\/www.raeblus.ch\/de\/politique-de-confidentialite","title":{"rendered":"Datenschutzrichtlinie"},"content":{"rendered":"<p>Online gestellt am <em>: 24\/02\/2024 <\/em><\/p>\n<p><strong>Artikel 1 &#8211; Zweck  <\/strong><\/p>\n<p>Diese Datenschutzrichtlinie soll Sie dar\u00fcber informieren, welche Daten wir sammeln und zu welchem Zweck, und wie Sie diese aktualisieren, verwalten, exportieren und l\u00f6schen k\u00f6nnen.<\/p>\n<p><strong>Artikel 2 &#8211; Schutz personenbezogener Daten im Allgemeinen  <\/strong><\/p>\n<p>Die pers\u00f6nlichen Daten des Nutzers werden in \u00dcbereinstimmung mit den Bestimmungen des Schweizerischen Bundesgesetzes \u00fcber den Datenschutz (DSG) behandelt.<\/p>\n<p><strong><br \/>\nArtikel 3 &#8211; Identit\u00e4t des f\u00fcr die Datenverarbeitung Verantwortlichen  <\/strong><\/p>\n<p>Der Verantwortliche f\u00fcr die Verarbeitung Ihrer pers\u00f6nlichen Daten ist :<br \/>\nFrau Carly Wysseier<\/p>\n<p><strong><br \/>\nArtikel 4 &#8211; Verarbeitete personenbezogene Daten und Zwecke  <\/strong><\/p>\n<p>Im Rahmen der Nutzung der Website sammelt der f\u00fcr die Verarbeitung Verantwortliche personenbezogene Daten \u00fcber den Nutzer. Dies ist der Fall, wenn der Nutzer :<br \/>\nAnmeldung zu einem Newsletter, Aufgabe einer Bestellung, Einrichtung eines Kontos<\/p>\n<p>Die vom Verantwortlichen f\u00fcr die Datenverarbeitung gesammelten Informationen sind:<br \/>\nName, Vorname, Adresse, Telefonnummer, E-Mail-Adresse, Postleitzahl, Ort, Kennwort, Bankverbindung<\/p>\n<p>Die von dem f\u00fcr die Verarbeitung Verantwortlichen gesammelten Informationen werden verwendet, um :<br \/>\ndie Bestellungen der Nutzer zu bearbeiten, die auf der Website gekauften Produkte zu liefern, die Zahlungen zu verwalten und die Beziehungen mit den Nutzern im Zusammenhang mit ihrer Bestellung zu pflegen, einen Newsletter zu versenden<\/p>\n<p>Diese Informationen werden von dem f\u00fcr die Verarbeitung Verantwortlichen auch f\u00fcr statistische Studien verwendet, um die Website zu verbessern.<\/p>\n<p>Pers\u00f6nliche Informationen werden gesammelt durch :<br \/>\nFormulare zum Ausf\u00fcllen<\/p>\n<p>Der f\u00fcr die Verarbeitung Verantwortliche kann kommerzielle Angebote in Form von Newslettern versenden, wenn der Nutzer dem auf der Website zugestimmt hat.<\/p>\n<p>Wenn bestimmte Informationen f\u00fcr den Zugang zu bestimmten Funktionen der Website erforderlich sind, wird der f\u00fcr die Verarbeitung Verantwortliche bei der Eingabe der Daten auf diese Erforderlichkeit hinweisen.<\/p>\n<p><strong>Artikel 5 &#8211; Cookies<br \/>\n<\/strong><br \/>\nEin Cookie ist eine Textdatei von begrenzter Gr\u00f6\u00dfe, die w\u00e4hrend Ihres Besuchs der Website von Ihrem Internet-Browser auf Ihrem Endger\u00e4t (Computer, Tablet, Smartphone, E-Reader usw.) abgelegt und gespeichert wird. Sie dienen insbesondere dazu, Informationen \u00fcber Ihre Navigation auf der Website zu sammeln. Bei Ihrem Besuch auf der Website k\u00f6nnen Informationen \u00fcber die Navigation Ihres Terminals auf der Website in diesen Cookies gespeichert werden. Wenn Sie sich mit demselben Terminal auf der Website anmelden, kann der Browser die Daten aus dem Cookie verwenden und sie an die Website \u00fcbermitteln. Nur der Emittent des jeweiligen Cookies kann die darin enthaltenen Informationen lesen oder \u00e4ndern.<\/p>\n<p>Die personenbezogenen Daten, die \u00fcber Cookies gesammelt werden k\u00f6nnen, sind Ihre IP-Adresse, die eindeutige Identifikationsnummer des Endger\u00e4ts und der Typ Ihres Endger\u00e4ts, der Browsertyp, die Sprache, das Land und die Zeitzone, das Betriebssystem und die Einstellungen, die Websites, die Sie zuvor besucht haben, die Uhrzeit des Zugriffs auf die Website, die Referenz-URLs, Informationen \u00fcber Ihre Aktionen auf der Website, wie Ihr Klick-, Kauf- und Pr\u00e4ferenzverhalten. Durch die Verwendung von Cookies k\u00f6nnen Sie nicht direkt identifiziert werden.<\/p>\n<p>Es gibt verschiedene Arten von Cookies.<\/p>\n<p>Die Verwendung von Cookies unterliegt Ihrer Zustimmung, wenn sie nicht unbedingt f\u00fcr den Betrieb der Website erforderlich sind.<\/p>\n<p>Sie k\u00f6nnen die Cookies jederzeit einstellen (akzeptieren oder ablehnen), indem Sie Ihre Browser-Software entsprechend konfigurieren.<br \/>\nDie Lebensdauer eines Cookies h\u00e4ngt von seinem Zweck und seiner Funktion ab.<\/p>\n<p><strong><br \/>\nArtikel 6 &#8211; Offenlegung, \u00dcbertragung und Untervergabe von Daten an Dritte  <\/strong><\/p>\n<p>Die gesammelten Informationen k\u00f6nnen an Dritte weitergegeben werden, die mit dem f\u00fcr die Verarbeitung Verantwortlichen vertraglich verbunden sind, um Aufgaben auszuf\u00fchren. Antr\u00e4ge auf Zugang von Schweizer Beh\u00f6rden im Sinne des DSG sind ebenfalls vorbehalten.<\/p>\n<p><strong>Artikel 7 &#8211; Rechte der Nutzer  <\/strong><\/p>\n<p>Der Nutzer hat das Recht auf Zugang, Widerspruch, Berichtigung, L\u00f6schung, Einschr\u00e4nkung und \u00dcbertragbarkeit seiner pers\u00f6nlichen Daten. Der Nutzer hat das Recht, seine Zustimmung jederzeit zu widerrufen, wenn diese f\u00fcr die betreffende Verarbeitung erforderlich ist.<\/p>\n<p>Diese Rechte k\u00f6nnen jederzeit gegen\u00fcber dem f\u00fcr die Verarbeitung Verantwortlichen ausge\u00fcbt werden:<br \/>\nRoute de Neuch\u00e2tel 90\/Neuenburgstrasse 90 2505 Biel\/Bienne rest.raeblus@swissonline.ch<\/p>\n<p>Aus Sicherheitsgr\u00fcnden und um betr\u00fcgerische Antr\u00e4ge zu vermeiden, muss diesem Antrag ein Identit\u00e4tsnachweis beigef\u00fcgt werden.<\/p>\n<p><strong>Artikel 8 &#8211; \u00c4nderungen  <\/strong><\/p>\n<p>Diese Datenschutzrichtlinie kann jederzeit ge\u00e4ndert werden, wobei die auf der Website ver\u00f6ffentlichte franz\u00f6sische Version ma\u00dfgeblich ist.<\/p>\n<p><strong><br \/>\nArtikel 9 &#8211; Anwendbares Recht und Gerichtsstand  <\/strong><\/p>\n<p>Diese Datenschutzrichtlinie unterliegt dem Schweizer Recht und die Schweizer Gerichte sind im Falle von Streitigkeiten zust\u00e4ndig.<\/p>\n","protected":false},"excerpt":{"rendered":"<p>Online gestellt am : 24\/02\/2024 Artikel 1 &#8211; Zweck Diese Datenschutzrichtlinie soll Sie dar\u00fcber informieren, welche Daten wir sammeln und zu welchem Zweck, und wie Sie diese aktualisieren, verwalten, exportieren und l\u00f6schen k\u00f6nnen. Artikel 2 &#8211; Schutz personenbezogener Daten im Allgemeinen Die pers\u00f6nlichen Daten des Nutzers werden in \u00dcbereinstimmung mit den Bestimmungen des Schweizerischen Bundesgesetzes &hellip; <a href=\"https:\/\/www.raeblus.ch\/de\/politique-de-confidentialite\" class=\"more-link\"><span class=\"screen-reader-text\">&#8222;Datenschutzrichtlinie&#8220; <\/span>weiterlesen<\/a><\/p>\n","protected":false},"author":1,"featured_media":0,"parent":0,"menu_order":0,"comment_status":"closed","ping_status":"closed","template":"","meta":{"_exactmetrics_skip_tracking":false,"_exactmetrics_sitenote_active":false,"_exactmetrics_sitenote_note":"","_exactmetrics_sitenote_category":0},"_links":{"self":[{"href":"https:\/\/www.raeblus.ch\/de\/wp-json\/wp\/v2\/pages\/1475"}],"collection":[{"href":"https:\/\/www.raeblus.ch\/de\/wp-json\/wp\/v2\/pages"}],"about":[{"href":"https:\/\/www.raeblus.ch\/de\/wp-json\/wp\/v2\/types\/page"}],"author":[{"embeddable":true,"href":"https:\/\/www.raeblus.ch\/de\/wp-json\/wp\/v2\/users\/1"}],"replies":[{"embeddable":true,"href":"https:\/\/www.raeblus.ch\/de\/wp-json\/wp\/v2\/comments?post=1475"}],"version-history":[{"count":2,"href":"https:\/\/www.raeblus.ch\/de\/wp-json\/wp\/v2\/pages\/1475\/revisions"}],"predecessor-version":[{"id":1569,"href":"https:\/\/www.raeblus.ch\/de\/wp-json\/wp\/v2\/pages\/1475\/revisions\/1569"}],"wp:attachment":[{"href":"https:\/\/www.raeblus.ch\/de\/wp-json\/wp\/v2\/media?parent=1475"}],"curies":[{"name":"wp","href":"https:\/\/api.w.org\/{rel}","templated":true}]}}