{"id":1457,"date":"2018-03-13T12:23:11","date_gmt":"2018-03-13T12:23:11","guid":{"rendered":"https:\/\/www.raeblus.ch\/kontaktieren-sie-uns"},"modified":"2026-04-09T08:50:51","modified_gmt":"2026-04-09T08:50:51","slug":"contact","status":"publish","type":"page","link":"https:\/\/www.raeblus.ch\/de\/contact","title":{"rendered":"Kontakt"},"content":{"rendered":"<div class=\"row contactcss\">\n<div class=\"col-sm-6\">\n<div>\n<p>Liebe G\u00e4ste,<\/p>\n<p>Wir freuen uns darauf, Sie im R\u00e4blus begr\u00fc\u00dfen zu d\u00fcrfen!<\/p>\n<p>Wir haben von Donnerstag bis Montag ge\u00f6ffnet.<br \/>\nDienstag und Mittwoch: geschlossen.<br \/>\nSonntagabends schlie\u00dfen wir um 21 Uhr.<\/p>\n<p>Pfingstmontag, 25. Mai 2026: geschlossen<\/p>\n<p>Betriebsferien: Montag 27 Juli bis Donnerstag 13. August 2026 (incl.)<\/p>\n<p>Wir sind per Telefon oder Mail erreichbar:<\/p>\n<\/div>\n<div><\/div>\n<div id=\"leftCol\"><b>R\u00e4blus Restaurant<\/b><br \/>\nFamilie Wysseier<br \/>\nNeuenburgstrasse 90<br \/>\nCH-2505 Biel-Vingelz<br \/>\nTel.: +41 32 322 40 51<br \/>\nrest.raeblus@swissonline.ch<\/div>\n<\/div>\n<\/div>\n<div><\/div>\n<div id=\"leftCol\"><b>R\u00e4blus Weinbau<\/b><br \/>\nRuth Wysseier und<br \/>\nWerner Swiss Schweizer<br \/>\nNeuenburgstrasse 90<br \/>\nCH-2505 Biel-Vingelz<br \/>\ninfo@raeblus-weine.ch (Nur f\u00fcr Weinbestellungen)<\/div>\n","protected":false},"excerpt":{"rendered":"<p>Liebe G\u00e4ste, Wir freuen uns darauf, Sie im R\u00e4blus begr\u00fc\u00dfen zu d\u00fcrfen! Wir haben von Donnerstag bis Montag ge\u00f6ffnet. Dienstag und Mittwoch: geschlossen. Sonntagabends schlie\u00dfen wir um 21 Uhr. Pfingstmontag, 25. Mai 2026: geschlossen Betriebsferien: Montag 27 Juli bis Donnerstag 13. August 2026 (incl.) Wir sind per Telefon oder Mail erreichbar: R\u00e4blus Restaurant Familie Wysseier &hellip; <a href=\"https:\/\/www.raeblus.ch\/de\/contact\" class=\"more-link\"><span class=\"screen-reader-text\">&#8222;Kontakt&#8220; <\/span>weiterlesen<\/a><\/p>\n","protected":false},"author":1,"featured_media":1427,"parent":0,"menu_order":0,"comment_status":"closed","ping_status":"closed","template":"","meta":{"_exactmetrics_skip_tracking":false,"_exactmetrics_sitenote_active":false,"_exactmetrics_sitenote_note":"","_exactmetrics_sitenote_category":0},"_links":{"self":[{"href":"https:\/\/www.raeblus.ch\/de\/wp-json\/wp\/v2\/pages\/1457"}],"collection":[{"href":"https:\/\/www.raeblus.ch\/de\/wp-json\/wp\/v2\/pages"}],"about":[{"href":"https:\/\/www.raeblus.ch\/de\/wp-json\/wp\/v2\/types\/page"}],"author":[{"embeddable":true,"href":"https:\/\/www.raeblus.ch\/de\/wp-json\/wp\/v2\/users\/1"}],"replies":[{"embeddable":true,"href":"https:\/\/www.raeblus.ch\/de\/wp-json\/wp\/v2\/comments?post=1457"}],"version-history":[{"count":19,"href":"https:\/\/www.raeblus.ch\/de\/wp-json\/wp\/v2\/pages\/1457\/revisions"}],"predecessor-version":[{"id":2282,"href":"https:\/\/www.raeblus.ch\/de\/wp-json\/wp\/v2\/pages\/1457\/revisions\/2282"}],"wp:featuredmedia":[{"embeddable":true,"href":"https:\/\/www.raeblus.ch\/de\/wp-json\/wp\/v2\/media\/1427"}],"wp:attachment":[{"href":"https:\/\/www.raeblus.ch\/de\/wp-json\/wp\/v2\/media?parent=1457"}],"curies":[{"name":"wp","href":"https:\/\/api.w.org\/{rel}","templated":true}]}}